{"id":185,"date":"2022-11-18T08:12:00","date_gmt":"2022-11-18T08:12:00","guid":{"rendered":"https:\/\/www.lchd.lt\/contacts"},"modified":"2023-04-03T06:17:53","modified_gmt":"2023-04-03T06:17:53","slug":"contacts","status":"publish","type":"page","link":"https:\/\/www.lchd.lt\/en\/contacts","title":{"rendered":"Contacts"},"content":{"rendered":"<section class=\"l-section wpb_row us_custom_cfd0d040 height_medium color_alternate with_img\"><div class=\"l-section-img\" style=\"background-image: url(https:\/\/www.lchd.lt\/wp-content\/uploads\/2022\/11\/section__hero__background__01.webp);background-repeat: no-repeat;\" data-img-width=\"1920\" data-img-height=\"1080\"><\/div><div class=\"l-section-h i-cf\"><div class=\"g-cols vc_row via_flex valign_top type_default stacking_default\"><div class=\"vc_col-sm-12 wpb_column vc_column_container\"><div class=\"vc_column-inner\"><div class=\"wpb_wrapper\"><div class=\"g-cols wpb_row via_flex valign_top type_default stacking_default\"><div class=\"vc_col-sm-12 wpb_column vc_column_container\"><div class=\"vc_column-inner\"><div class=\"wpb_wrapper\"><h1 class=\"w-post-elm post_title entry-title color_link_inherit\">Contacts<\/h1><\/div><\/div><\/div><\/div><\/div><\/div><\/div><\/div><\/div><\/section>\n<section class=\"l-section wpb_row us_custom_cfd0d040 height_medium\"><div class=\"l-section-h i-cf\"><div class=\"g-cols vc_row via_flex valign_top type_default stacking_default\"><div class=\"vc_col-sm-12 wpb_column vc_column_container\"><div class=\"vc_column-inner\"><div class=\"wpb_wrapper\"><div class=\"g-cols wpb_row via_flex valign_top type_default stacking_default\"><div class=\"vc_col-sm-4 wpb_column vc_column_container\"><div class=\"vc_column-inner\"><div class=\"wpb_wrapper\"><div class=\"w-vwrapper align_none valign_top\" style=\"--vwrapper-gap:1.5rem\"><h2 class=\"w-text\"><span class=\"w-text-h\"><span class=\"w-text-value\">contact details<\/span><\/span><\/h2><div class=\"w-iconbox theme__iconbox iconbox__without-icon iconpos_left style_default color_primary align_left\"><div class=\"w-iconbox-icon\" style=\"font-size:2rem;\"><i class=\"fas fa-star\"><\/i><\/div><div class=\"w-iconbox-meta\"><h3 class=\"w-iconbox-title\">Address<\/h3><div class=\"w-iconbox-text\"><p><a href=\"https:\/\/goo.gl\/maps\/vdN3KNuMT1KHosq1A\" target=\"_blank\" rel=\"noopener\">Naugarduko g. 24, Vilnius, LT-03225 Vilnius<\/a><\/p>\n<\/div><\/div><\/div><div class=\"w-iconbox theme__iconbox iconbox__without-icon iconpos_left style_default color_primary align_left\"><div class=\"w-iconbox-icon\" style=\"font-size:2rem;\"><i class=\"fas fa-star\"><\/i><\/div><div class=\"w-iconbox-meta\"><h3 class=\"w-iconbox-title\">Company code<\/h3><div class=\"w-iconbox-text\"><p>304654872<\/p>\n<\/div><\/div><\/div><div class=\"w-iconbox theme__iconbox iconbox__without-icon iconpos_left style_default color_primary align_left\"><div class=\"w-iconbox-icon\" style=\"font-size:2rem;\"><i class=\"fas fa-star\"><\/i><\/div><div class=\"w-iconbox-meta\"><h3 class=\"w-iconbox-title\">Account number:<\/h3><div class=\"w-iconbox-text\"><p>LT377044060008231143<\/p>\n<\/div><\/div><\/div><div class=\"w-iconbox theme__iconbox iconbox__without-icon iconpos_left style_default color_primary align_left\"><div class=\"w-iconbox-icon\" style=\"font-size:2rem;\"><i class=\"fas fa-star\"><\/i><\/div><div class=\"w-iconbox-meta\"><h3 class=\"w-iconbox-title\">Bank<\/h3><div class=\"w-iconbox-text\"><p>\u201eAB SEB\u201d<\/p>\n<\/div><\/div><\/div><\/div><\/div><\/div><\/div><div class=\"vc_col-sm-8 wpb_column vc_column_container\"><div class=\"vc_column-inner\"><div class=\"wpb_wrapper\"><div class=\"w-vwrapper align_none valign_top\" style=\"--vwrapper-gap:1.5rem\"><h2 class=\"w-text\"><span class=\"w-text-h\"><span class=\"w-text-value\">contact us<\/span><\/span><\/h2>\n<div class=\"wpcf7 no-js\" id=\"wpcf7-f13-o1\" lang=\"lt-LT\" dir=\"ltr\" data-wpcf7-id=\"13\">\n<div class=\"screen-reader-response\"><p role=\"status\" aria-live=\"polite\" aria-atomic=\"true\"><\/p> <ul><\/ul><\/div>\n<form action=\"\/en\/wp-json\/wp\/v2\/pages\/185#wpcf7-f13-o1\" method=\"post\" class=\"wpcf7-form init\" aria-label=\"Kontakt\u0173 forma\" novalidate=\"novalidate\" data-status=\"init\">\n<div style=\"display: none;\">\n<input type=\"hidden\" name=\"_wpcf7\" value=\"13\" \/>\n<input type=\"hidden\" name=\"_wpcf7_version\" value=\"6.0.3\" \/>\n<input type=\"hidden\" name=\"_wpcf7_locale\" value=\"lt_LT\" \/>\n<input type=\"hidden\" name=\"_wpcf7_unit_tag\" value=\"wpcf7-f13-o1\" \/>\n<input type=\"hidden\" name=\"_wpcf7_container_post\" value=\"0\" \/>\n<input type=\"hidden\" name=\"_wpcf7_posted_data_hash\" value=\"\" \/>\n<\/div>\n<div class=\"theme__contact-form contact-form__two-columns\">\n\t<div class=\"contact-form__row\">\n\t\t<div class=\"contact-form__form-field\">\n\t\t\t<p><label>Vardas<\/label><br \/>\n<span class=\"wpcf7-form-control-wrap\" data-name=\"vardas\"><input size=\"40\" maxlength=\"400\" class=\"wpcf7-form-control wpcf7-text wpcf7-validates-as-required\" aria-required=\"true\" aria-invalid=\"false\" value=\"\" type=\"text\" name=\"vardas\" \/><\/span>\n\t\t\t<\/p>\n\t\t<\/div>\n\t\t<div class=\"contact-form__form-field\">\n\t\t\t<p><label>El. pa\u0161to adresas<\/label><br \/>\n<span class=\"wpcf7-form-control-wrap\" data-name=\"el-pastas\"><input size=\"40\" maxlength=\"400\" class=\"wpcf7-form-control wpcf7-email wpcf7-validates-as-required wpcf7-text wpcf7-validates-as-email\" aria-required=\"true\" aria-invalid=\"false\" value=\"\" type=\"email\" name=\"el-pastas\" \/><\/span>\n\t\t\t<\/p>\n\t\t<\/div>\n\t<\/div>\n\t<div class=\"contact-form__row\">\n\t\t<div class=\"contact-form__form-field\">\n\t\t\t<p><label>\u017dinut\u0117<\/label><br \/>\n<span class=\"wpcf7-form-control-wrap\" data-name=\"zinute\"><textarea cols=\"40\" rows=\"10\" maxlength=\"2000\" class=\"wpcf7-form-control wpcf7-textarea\" aria-invalid=\"false\" name=\"zinute\"><\/textarea><\/span>\n\t\t\t<\/p>\n\t\t<\/div>\n\t<\/div>\n\t<div class=\"contact-form__row\">\n\t\t<div class=\"contact-form__privacy-policy\">\n\t\t\t<p><span class=\"wpcf7-form-control-wrap\" data-name=\"acceptance\"><span class=\"wpcf7-form-control wpcf7-acceptance\"><span class=\"wpcf7-list-item\"><input type=\"checkbox\" name=\"acceptance\" value=\"1\" aria-invalid=\"false\" \/><\/span><\/span><\/span>\n\t\t\t<\/p>\n\t\t\t<p>Sutinku su <a href=\"\/privatumo-politika\" target=\"_blank\">privatumo politika<\/a>.\n\t\t\t<\/p>\n\t\t<\/div>\n\t<\/div>\n\t<div class=\"contact-form__row\">\n\t\t<div class=\"w-btn-wrapper\">\n\t\t\t<p><button class=\"w-btn us-btn-style_1 wpcf7-submit\"><span class=\"w-btn-label\">Si\u0173sti u\u017eklaus\u0105<\/span><\/button>\n\t\t\t<\/p>\n\t\t<\/div>\n\t<\/div>\n<\/div><div class=\"wpcf7-response-output\" aria-hidden=\"true\"><\/div>\n<\/form>\n<\/div>\n<\/div><\/div><\/div><\/div><\/div><\/div><\/div><\/div><\/div><\/div><\/section>\n","protected":false},"excerpt":{"rendered":"Contacts contact detailsAddressNaugarduko g. 24, Vilnius, LT-03225 Vilnius Company code304654872 Account number:LT377044060008231143 Bank\u201eAB SEB\u201d contact us Vardas El. pa\u0161to adresas \u017dinut\u0117 Sutinku su privatumo politika. Si\u0173sti u\u017eklaus\u0105","protected":false},"author":2,"featured_media":0,"parent":0,"menu_order":0,"comment_status":"closed","ping_status":"closed","template":"","meta":{"footnotes":""},"class_list":["post-185","page","type-page","status-publish","hentry"],"acf":[],"_links":{"self":[{"href":"https:\/\/www.lchd.lt\/en\/wp-json\/wp\/v2\/pages\/185","targetHints":{"allow":["GET"]}}],"collection":[{"href":"https:\/\/www.lchd.lt\/en\/wp-json\/wp\/v2\/pages"}],"about":[{"href":"https:\/\/www.lchd.lt\/en\/wp-json\/wp\/v2\/types\/page"}],"author":[{"embeddable":true,"href":"https:\/\/www.lchd.lt\/en\/wp-json\/wp\/v2\/users\/2"}],"replies":[{"embeddable":true,"href":"https:\/\/www.lchd.lt\/en\/wp-json\/wp\/v2\/comments?post=185"}],"version-history":[{"count":7,"href":"https:\/\/www.lchd.lt\/en\/wp-json\/wp\/v2\/pages\/185\/revisions"}],"predecessor-version":[{"id":341,"href":"https:\/\/www.lchd.lt\/en\/wp-json\/wp\/v2\/pages\/185\/revisions\/341"}],"wp:attachment":[{"href":"https:\/\/www.lchd.lt\/en\/wp-json\/wp\/v2\/media?parent=185"}],"curies":[{"name":"wp","href":"https:\/\/api.w.org\/{rel}","templated":true}]}}