{"id":179,"date":"2022-11-18T15:40:48","date_gmt":"2022-11-18T15:40:48","guid":{"rendered":"https:\/\/www.lchd.lt\/about-us"},"modified":"2023-12-07T09:40:04","modified_gmt":"2023-12-07T09:40:04","slug":"about-us","status":"publish","type":"page","link":"https:\/\/www.lchd.lt\/en\/about-us","title":{"rendered":"About us"},"content":{"rendered":"<section class=\"l-section wpb_row us_custom_cfd0d040 height_medium with_img\"><div class=\"l-section-img\" style=\"background-image: url(https:\/\/www.lchd.lt\/wp-content\/uploads\/2022\/11\/section__hero__background__01.webp);background-repeat: no-repeat;\" data-img-width=\"1920\" data-img-height=\"1080\"><\/div><div class=\"l-section-h i-cf\"><div class=\"g-cols vc_row via_flex valign_top type_default stacking_default\"><div class=\"vc_col-sm-12 wpb_column vc_column_container\"><div class=\"vc_column-inner\"><div class=\"wpb_wrapper\"><div class=\"g-cols wpb_row via_flex valign_middle type_default reversed stacking_default\"><div class=\"vc_col-sm-4 wpb_column vc_column_container\"><div class=\"vc_column-inner\"><div class=\"wpb_wrapper\"><div class=\"w-vwrapper align_none valign_top\" style=\"--vwrapper-gap:1.5rem\"><h1 class=\"w-text us_custom_22fa3828 has_text_color\"><span class=\"w-text-h\"><span class=\"w-text-value\">Lithuanian Chemical Society (LChD)<\/span><\/span><\/h1><div class=\"wpb_text_column us_custom_22fa3828 has_text_color\"><div class=\"wpb_wrapper\"><p>A non-profit organization that unites Lithuanian chemists, scientists, engineers, lecturers, teachers and everyone interested in this field of science.<\/p>\n<\/div><\/div><\/div><\/div><\/div><\/div><div class=\"vc_col-sm-8 wpb_column vc_column_container\"><div class=\"vc_column-inner\"><div class=\"wpb_wrapper\"><div class=\"w-post-elm post_image us_custom_ff58f711 has_ratio\"><div style=\"padding-bottom:56.25%\"><\/div><img loading=\"lazy\" decoding=\"async\" width=\"1280\" height=\"720\" src=\"https:\/\/www.lchd.lt\/wp-content\/uploads\/2022\/11\/apie-mus__hero__01.webp\" class=\"attachment-full size-full wp-post-image\" alt=\"\" srcset=\"https:\/\/www.lchd.lt\/wp-content\/uploads\/2022\/11\/apie-mus__hero__01.webp 1280w, https:\/\/www.lchd.lt\/wp-content\/uploads\/2022\/11\/apie-mus__hero__01-300x169.webp 300w, https:\/\/www.lchd.lt\/wp-content\/uploads\/2022\/11\/apie-mus__hero__01-1024x576.webp 1024w\" sizes=\"auto, (max-width: 1280px) 100vw, 1280px\" \/><\/div><\/div><\/div><\/div><\/div><\/div><\/div><\/div><\/div><\/div><\/section><section class=\"l-section wpb_row us_custom_cfd0d040 height_medium\"><div class=\"l-section-h i-cf\"><div class=\"g-cols vc_row via_flex valign_top type_default stacking_default\"><div class=\"vc_col-sm-12 wpb_column vc_column_container\"><div class=\"vc_column-inner\"><div class=\"wpb_wrapper\"><div class=\"g-cols wpb_row via_flex valign_top type_default stacking_default\"><div class=\"vc_col-sm-8 wpb_column vc_column_container\"><div class=\"vc_column-inner\"><div class=\"wpb_wrapper\"><div class=\"wpb_text_column\"><div class=\"wpb_wrapper\"><p>LChD aims to promote interest in chemical science, publicize and present chemistry and chemical technologies to the public, develop relations with scientists from other countries, organize conferences and seminars.<\/p>\n<p>LChD was established in 2017. Prof. (HP) dr. Almira Ramanavi\u010dien\u0117 was elected<br \/>\nas the Chair of this organization in February of 2022, and new board members were also elected. Currently, LChD unites 110 members from different Lithuanian scientific and educational institutions and associations. From 2023, LChD becomes a member of the European Chemical Society (EuChemS).<\/p>\n<h2>LChD history<\/h2>\n<p>Many prominant public figures in interwar Lithuania were chemists who held high positions. Professor Antanas Pur\u0117nas, former secretary of the University of Lithuania in 1933 &#8211; 1938, then rector in 1940 \u2013 1941. Ignas Kon\u010dius, who, after the return of Vilnius region back to Lithuania in 1939, had the task of taking over the management of Vilnius University. Professor Kazys Dauk\u0161as, who in 1940 took over the leadership of Vilnius University&#8217;s Faculty of Chemistry, and many others.<br \/>\nThe Lithuanian Chemical Society was origanally founded in 1959. The first Chair of the Society was academician Juozas Matulis, a long-term Chair of the Lithuanian Academy of Sciences (1946 \u2013 1984). During 1960 \u2013 1982 the Society was headed by Professor Kazys Dauk\u0161as from Vilnius University, and from 1982 to 1988 \u2013 by Professor Antanas Kaminskas, the Director of Thermal Insulation Institute. Later, the activities of the Society ceased.<br \/>\nAfter the restoration of Lithuania\u2019s independence, the Lithuanian Chemical Society was re-established in 2017. Associate Professor Rimantas Vaitkus from Vilnius University was elected as a Chair. From 2022, a Chair of LChD is Professor Almira Ramanavi\u010dien\u0117 from Vilnius University.<\/p>\n<\/div><\/div><\/div><\/div><\/div><div class=\"vc_col-sm-4 wpb_column vc_column_container\"><div class=\"vc_column-inner type_sticky\"><div class=\"wpb_wrapper\"><div class=\"w-vwrapper align_none valign_top\" style=\"--vwrapper-gap:0px\"><h2 class=\"w-text theme__text text__h6\"><span class=\"w-text-h\"><span class=\"w-text-value\">LChD documents<\/span><\/span><\/h2><div class=\"w-separator size_custom with_line width_default thick_1 style_solid color_border align_center\" style=\"height:1.5rem\"><div class=\"w-separator-h\"><\/div><\/div><div class=\"wpb_text_column\"><div class=\"wpb_wrapper\"><ul>\n<li><a href=\"https:\/\/www.lchd.lt\/wp-content\/uploads\/2022\/11\/LChD_istatai.pdf\" target=\"_blank\" rel=\"noopener\">LChD \u012fstatai<\/a><\/li>\n<li><a href=\"https:\/\/www.lchd.lt\/wp-content\/uploads\/2022\/11\/LChD_paramos-gavejo-statusas.pdf\" target=\"_blank\" rel=\"noopener\">LChD turi paramos gav\u0117jo status\u0105<\/a><\/li>\n<li><a href=\"https:\/\/www.lchd.lt\/wp-content\/uploads\/2022\/11\/12proc-pajamu-mokescio-LChD_gaires.pdf\" target=\"_blank\" rel=\"noopener\">Pra\u0161ymo pervesti LChD\u2018jai 1,2 % pajam\u0173 mokes\u010dio sumos parengimo gair\u0117s ir informacija<\/a><\/li>\n<li><a href=\"https:\/\/www.lchd.lt\/wp-content\/uploads\/2023\/01\/LChD-pareiskimas-del-invaziijos-i-Ukraina.pdf\">LChD statement on the invasion of Ukraine<\/a><\/li>\n<\/ul>\n<\/div><\/div><\/div><\/div><\/div><\/div><\/div><\/div><\/div><\/div><\/div><\/div><\/section>\n","protected":false},"excerpt":{"rendered":"Lithuanian Chemical Society (LChD)A non-profit organization that unites Lithuanian chemists, scientists, engineers, lecturers, teachers and everyone interested in this field of science. LChD aims to promote interest in chemical science, publicize and present chemistry and chemical technologies to the public, develop relations with scientists from other countries, organize conferences and seminars. LChD was established in...","protected":false},"author":2,"featured_media":160,"parent":0,"menu_order":0,"comment_status":"closed","ping_status":"closed","template":"","meta":{"footnotes":""},"class_list":["post-179","page","type-page","status-publish","has-post-thumbnail","hentry"],"acf":[],"_links":{"self":[{"href":"https:\/\/www.lchd.lt\/en\/wp-json\/wp\/v2\/pages\/179","targetHints":{"allow":["GET"]}}],"collection":[{"href":"https:\/\/www.lchd.lt\/en\/wp-json\/wp\/v2\/pages"}],"about":[{"href":"https:\/\/www.lchd.lt\/en\/wp-json\/wp\/v2\/types\/page"}],"author":[{"embeddable":true,"href":"https:\/\/www.lchd.lt\/en\/wp-json\/wp\/v2\/users\/2"}],"replies":[{"embeddable":true,"href":"https:\/\/www.lchd.lt\/en\/wp-json\/wp\/v2\/comments?post=179"}],"version-history":[{"count":17,"href":"https:\/\/www.lchd.lt\/en\/wp-json\/wp\/v2\/pages\/179\/revisions"}],"predecessor-version":[{"id":533,"href":"https:\/\/www.lchd.lt\/en\/wp-json\/wp\/v2\/pages\/179\/revisions\/533"}],"wp:featuredmedia":[{"embeddable":true,"href":"https:\/\/www.lchd.lt\/en\/wp-json\/wp\/v2\/media\/160"}],"wp:attachment":[{"href":"https:\/\/www.lchd.lt\/en\/wp-json\/wp\/v2\/media?parent=179"}],"curies":[{"name":"wp","href":"https:\/\/api.w.org\/{rel}","templated":true}]}}